{"id":320,"date":"2024-12-21T11:52:13","date_gmt":"2024-12-21T10:52:13","guid":{"rendered":"http:\/\/galpin.cz\/?page_id=320"},"modified":"2025-02-26T16:45:14","modified_gmt":"2025-02-26T15:45:14","slug":"provozni-doba","status":"publish","type":"page","link":"https:\/\/galpin.cz\/?page_id=320","title":{"rendered":"Provozn\u00ed doba"},"content":{"rendered":"<p>Pond\u011bl\u00ed:&nbsp; &nbsp;8:00- 12:00&nbsp; &nbsp;13:00- 17:00&nbsp;<\/p>\n<p>\u00dater\u00fd:&nbsp; &nbsp; &nbsp; 8:00- 12:00&nbsp; &nbsp;13:00- 17:00&nbsp;<\/p>\n<p>St\u0159eda:&nbsp; &nbsp; 8:00- 12:00&nbsp; &nbsp;13:00- 17:00&nbsp;<\/p>\n<p>\u010ctvrtek:&nbsp; 8:00- 12:00&nbsp; &nbsp;13:00- 17:00&nbsp;<\/p>\n<p>P\u00e1tek:&nbsp; &nbsp; &nbsp;8:00- 12:00&nbsp; &nbsp;13:00- 17:00&nbsp;<\/p>\n<p>Sobota: zav\u0159eno&nbsp;<\/p>\n<p>Ned\u011ble: zav\u0159eno&nbsp;<\/p>\n<p>&nbsp;<\/p>\n","protected":false},"excerpt":{"rendered":"<p>Pond\u011bl\u00ed:&nbsp; &nbsp;8:00- 12:00&nbsp; &nbsp;13:00- 17:00&nbsp; \u00dater\u00fd:&nbsp; &nbsp; &nbsp; 8:00- 12:00&nbsp; &nbsp;13:00- 17:00&nbsp; St\u0159eda:&nbsp; &nbsp; 8:00- 12:00&nbsp; &nbsp;13:00- 17:00&nbsp; \u010ctvrtek:&nbsp; 8:00- 12:00&nbsp; &nbsp;13:00- 17:00&nbsp; P\u00e1tek:&nbsp; &nbsp; &nbsp;8:00- 12:00&nbsp; &nbsp;13:00- 17:00&nbsp; Sobota: zav\u0159eno&nbsp; Ned\u011ble: zav\u0159eno&nbsp; &nbsp;<\/p>\n","protected":false},"author":2,"featured_media":0,"parent":0,"menu_order":0,"comment_status":"closed","ping_status":"closed","template":"","meta":{"ngg_post_thumbnail":0,"footnotes":""},"class_list":["post-320","page","type-page","status-publish","hentry"],"_links":{"self":[{"href":"https:\/\/galpin.cz\/index.php?rest_route=\/wp\/v2\/pages\/320","targetHints":{"allow":["GET"]}}],"collection":[{"href":"https:\/\/galpin.cz\/index.php?rest_route=\/wp\/v2\/pages"}],"about":[{"href":"https:\/\/galpin.cz\/index.php?rest_route=\/wp\/v2\/types\/page"}],"author":[{"embeddable":true,"href":"https:\/\/galpin.cz\/index.php?rest_route=\/wp\/v2\/users\/2"}],"replies":[{"embeddable":true,"href":"https:\/\/galpin.cz\/index.php?rest_route=%2Fwp%2Fv2%2Fcomments&post=320"}],"version-history":[{"count":4,"href":"https:\/\/galpin.cz\/index.php?rest_route=\/wp\/v2\/pages\/320\/revisions"}],"predecessor-version":[{"id":353,"href":"https:\/\/galpin.cz\/index.php?rest_route=\/wp\/v2\/pages\/320\/revisions\/353"}],"wp:attachment":[{"href":"https:\/\/galpin.cz\/index.php?rest_route=%2Fwp%2Fv2%2Fmedia&parent=320"}],"curies":[{"name":"wp","href":"https:\/\/api.w.org\/{rel}","templated":true}]}}