{"id":9,"date":"2012-01-05T18:55:41","date_gmt":"2012-01-05T17:55:41","guid":{"rendered":"http:\/\/web.galpin.cz\/?page_id=9"},"modified":"2021-01-04T10:04:29","modified_gmt":"2021-01-04T09:04:29","slug":"popis-praci","status":"publish","type":"page","link":"http:\/\/galpin.cz\/?page_id=9","title":{"rendered":"Popis prac\u00ed"},"content":{"rendered":"\n<ul class=\"wp-block-list\"><li>\n<pre><strong><span style=\"font-size: medium;\">AUTOSERVIS<\/span><\/strong><\/pre>\n<\/li><li>\n<pre><strong><span style=\"font-size: medium;\">PNEUSERVIS<\/span><\/strong><\/pre>\n<\/li><li>\n<pre><strong>PLN\u011aN\u00cd KLIMATIZACE POMOC\u00cd PLN\u011a AUTOMATICK\u00c9 PLNI\u010cKY CHLADIVEM R134a<\/strong><\/pre>\n<\/li><li>\n<pre><strong>AUTODIAGNOSTIKA<\/strong><\/pre>\n<\/li><\/ul>\n\n\n\n<ul class=\"wp-block-list\"><li> <pre><strong><span style=\"font-size: medium;\">P\u0158\u00cdPRAVA VOZIDLA A ZAJI\u0160T\u011aN\u00cd TECHNICK\u00c9 KONTROLY<\/span><\/strong><\/pre> <\/li><li> <pre><strong><span style=\"font-size: medium;\">PRODEJ N\u00c1HRADN\u00cdCH D\u00cdL\u016e<\/span><\/strong><\/pre> <\/li><li> <pre><strong><span style=\"font-size: medium;\">GEOMETRIE<\/span><\/strong><\/pre> <pre><strong><span style=\"font-size: medium;\"><\/span><\/strong><\/pre> <pre><span style=\"font-size: medium;\"><\/span><\/pre> <\/li><\/ul>\n","protected":false},"excerpt":{"rendered":"<p>AUTOSERVIS PNEUSERVIS PLN\u011aN\u00cd KLIMATIZACE POMOC\u00cd PLN\u011a AUTOMATICK\u00c9 PLNI\u010cKY CHLADIVEM R134a AUTODIAGNOSTIKA P\u0158\u00cdPRAVA VOZIDLA A ZAJI\u0160T\u011aN\u00cd TECHNICK\u00c9 KONTROLY PRODEJ N\u00c1HRADN\u00cdCH D\u00cdL\u016e GEOMETRIE<\/p>\n","protected":false},"author":4,"featured_media":0,"parent":0,"menu_order":0,"comment_status":"open","ping_status":"closed","template":"","meta":{"ngg_post_thumbnail":0,"footnotes":""},"class_list":["post-9","page","type-page","status-publish","hentry"],"_links":{"self":[{"href":"http:\/\/galpin.cz\/index.php?rest_route=\/wp\/v2\/pages\/9","targetHints":{"allow":["GET"]}}],"collection":[{"href":"http:\/\/galpin.cz\/index.php?rest_route=\/wp\/v2\/pages"}],"about":[{"href":"http:\/\/galpin.cz\/index.php?rest_route=\/wp\/v2\/types\/page"}],"author":[{"embeddable":true,"href":"http:\/\/galpin.cz\/index.php?rest_route=\/wp\/v2\/users\/4"}],"replies":[{"embeddable":true,"href":"http:\/\/galpin.cz\/index.php?rest_route=%2Fwp%2Fv2%2Fcomments&post=9"}],"version-history":[{"count":16,"href":"http:\/\/galpin.cz\/index.php?rest_route=\/wp\/v2\/pages\/9\/revisions"}],"predecessor-version":[{"id":227,"href":"http:\/\/galpin.cz\/index.php?rest_route=\/wp\/v2\/pages\/9\/revisions\/227"}],"wp:attachment":[{"href":"http:\/\/galpin.cz\/index.php?rest_route=%2Fwp%2Fv2%2Fmedia&parent=9"}],"curies":[{"name":"wp","href":"https:\/\/api.w.org\/{rel}","templated":true}]}}